{"id":7,"date":"2023-06-19T17:26:35","date_gmt":"2023-06-19T20:26:35","guid":{"rendered":"https:\/\/eadmusic.net\/?page_id=7"},"modified":"2023-06-24T16:33:22","modified_gmt":"2023-06-24T19:33:22","slug":"ola-pessoal","status":"publish","type":"page","link":"https:\/\/eadmusic.net\/index.php\/ola-pessoal\/","title":{"rendered":"EAD MUSIC"},"content":{"rendered":"\n<figure class=\"wp-block-image is-resized\"><img loading=\"lazy\" decoding=\"async\" src=\"https:\/\/eadmusic.net\/wp-content\/uploads\/2023\/06\/Partitura-com-fones-de-ouvido.png\" alt=\"\" class=\"wp-image-15\" width=\"658\" height=\"431\" srcset=\"https:\/\/eadmusic.net\/wp-content\/uploads\/2023\/06\/Partitura-com-fones-de-ouvido.png 712w, https:\/\/eadmusic.net\/wp-content\/uploads\/2023\/06\/Partitura-com-fones-de-ouvido-300x196.png 300w\" sizes=\"auto, (max-width: 658px) 100vw, 658px\" \/><\/figure>\n\n\n\n<p class=\"has-text-align-center\">Voc\u00ea ama m\u00fasica e quer aprender mais sobre Teoria Musical? Ent\u00e3o voc\u00ea precisa conhecer o site EAD MUSIC, o melhor site de ensino a dist\u00e2ncia de m\u00fasica do Brasil! Aqui voc\u00ea vai encontrar cursos completos de Teoria Musical, com aulas interativas, exerc\u00edcios pr\u00e1ticos e avalia\u00e7\u00f5es online. E o melhor: voc\u00ea recebe um certificado v\u00e1lido para horas acad\u00eamicas ao concluir cada curso! N\u00e3o perca essa oportunidade de estudar m\u00fasica no seu ritmo, no seu tempo e no conforto da sua casa. <\/p>\n\n\n\n<p>O nosso curso de m\u00fasica \u00e0 dist\u00e2ncia cont\u00e9m quatro m\u00f3dulos elaborados por especialistas em m\u00fasica, que h\u00e1 mais de 10 anos trabalham com este m\u00e9todo de ensino \u00e0 dist\u00e2ncia. Cada m\u00f3dulo tem certificado de 60 horas e aborda temas como: fundamentos e hist\u00f3ria da m\u00fasica, instrumentos musicais, ensino de m\u00fasica, reg\u00eancia musical, ind\u00fastria musical e cultural, entre outros.<\/p>\n\n\n\n<p>Ao fazer o nosso curso, voc\u00ea vai aprender a teoria e a pr\u00e1tica da m\u00fasica, desenvolver a sua criatividade e sensibilidade art\u00edstica, e se preparar para atuar como professor de m\u00fasica em diferentes contextos educacionais e culturais. Voc\u00ea tamb\u00e9m vai contar com o apoio de tutores qualificados, material did\u00e1tico atualizado e uma plataforma virtual de aprendizagem din\u00e2mica e interativa.<\/p>\n\n\n\n<p>N\u00e3o perca essa oportunidade de realizar o seu sonho de estudar m\u00fasica e se tornar um profissional da \u00e1rea! Convide os seus amigos e familiares para conhecer o nosso curso e assistir ao v\u00eddeo abaixo, que mostra mais detalhes sobre o nosso programa. <\/p>\n\n\n\n<figure class=\"wp-block-image size-large\"><a href=\"https:\/\/eadmusic.net\/wp-content\/uploads\/2023\/06\/Apresentacao-do-Curso-de-Teoria-musical.mp4\"><img loading=\"lazy\" decoding=\"async\" width=\"1024\" height=\"524\" src=\"https:\/\/eadmusic.net\/wp-content\/uploads\/2023\/06\/Videos-Apresentacao-do-curso-1024x524.png\" alt=\"\" class=\"wp-image-16\" srcset=\"https:\/\/eadmusic.net\/wp-content\/uploads\/2023\/06\/Videos-Apresentacao-do-curso-1024x524.png 1024w, https:\/\/eadmusic.net\/wp-content\/uploads\/2023\/06\/Videos-Apresentacao-do-curso-300x154.png 300w, https:\/\/eadmusic.net\/wp-content\/uploads\/2023\/06\/Videos-Apresentacao-do-curso-768x393.png 768w, https:\/\/eadmusic.net\/wp-content\/uploads\/2023\/06\/Videos-Apresentacao-do-curso.png 1303w\" sizes=\"auto, (max-width: 1024px) 100vw, 1024px\" \/><\/a><\/figure>\n\n\n\n<p><\/p>\n","protected":false},"excerpt":{"rendered":"<p>Voc\u00ea ama m\u00fasica e quer aprender mais sobre Teoria Musical? Ent\u00e3o voc\u00ea precisa conhecer o site EAD MUSIC, o melhor site de ensino a dist\u00e2ncia de m\u00fasica do Brasil! Aqui voc\u00ea vai encontrar cursos completos de Teoria Musical, com aulas interativas, exerc\u00edcios pr\u00e1ticos e avalia\u00e7\u00f5es online. E o melhor: voc\u00ea recebe um certificado v\u00e1lido para [&hellip;]<\/p>\n","protected":false},"author":1,"featured_media":0,"parent":0,"menu_order":0,"comment_status":"closed","ping_status":"closed","template":"","meta":{"footnotes":""},"class_list":["post-7","page","type-page","status-publish","hentry"],"_links":{"self":[{"href":"https:\/\/eadmusic.net\/index.php\/wp-json\/wp\/v2\/pages\/7","targetHints":{"allow":["GET"]}}],"collection":[{"href":"https:\/\/eadmusic.net\/index.php\/wp-json\/wp\/v2\/pages"}],"about":[{"href":"https:\/\/eadmusic.net\/index.php\/wp-json\/wp\/v2\/types\/page"}],"author":[{"embeddable":true,"href":"https:\/\/eadmusic.net\/index.php\/wp-json\/wp\/v2\/users\/1"}],"replies":[{"embeddable":true,"href":"https:\/\/eadmusic.net\/index.php\/wp-json\/wp\/v2\/comments?post=7"}],"version-history":[{"count":5,"href":"https:\/\/eadmusic.net\/index.php\/wp-json\/wp\/v2\/pages\/7\/revisions"}],"predecessor-version":[{"id":29,"href":"https:\/\/eadmusic.net\/index.php\/wp-json\/wp\/v2\/pages\/7\/revisions\/29"}],"wp:attachment":[{"href":"https:\/\/eadmusic.net\/index.php\/wp-json\/wp\/v2\/media?parent=7"}],"curies":[{"name":"wp","href":"https:\/\/api.w.org\/{rel}","templated":true}]}}